{"id":1458,"date":"2018-12-17T08:46:49","date_gmt":"2018-12-17T08:46:49","guid":{"rendered":"https:\/\/wilmer.qodeinteractive.com\/?page_id=1458"},"modified":"2023-11-13T14:16:49","modified_gmt":"2023-11-13T14:16:49","slug":"rreth-nesh","status":"publish","type":"page","link":"https:\/\/nesimalbania.com\/2023\/rreth-nesh\/","title":{"rendered":"Rreth nesh"},"content":{"rendered":"<section class=\"wpb-content-wrapper\"><p>[vc_row row_content_width=&#8221;grid&#8221; row_btt_skin=&#8221;light&#8221; enable_bg_pattern=&#8221;yes&#8221; row_background_text_position=&#8221;front&#8221; row_skin=&#8221;dark&#8221; css=&#8221;.vc_custom_1556099311357{padding-top: 40px !important;padding-bottom: 50px !important;}&#8221;][vc_column offset=&#8221;vc_col-lg-offset-0 vc_col-lg-12 vc_col-md-offset-0 vc_col-md-12 vc_col-sm-offset-0&#8243; css=&#8221;.vc_custom_1697530989156{margin-top: 100px !important;}&#8221;]<div class=\"mkdf-elements-holder   mkdf-two-columns  mkdf-responsive-mode-1024 \" ><div class=\"mkdf-eh-item    \"  data-item-class=\"mkdf-eh-custom-2530\" data-1367-1600=\"0px 120px 8px 50px\" data-1025-1366=\"0px 21px 4px 40px\" data-769-1024=\"57px 260px 0 0px\" data-681-768=\"57px 120px 0 0px\" data-680=\"57px 0px 0 0px\">\n\t<div class=\"mkdf-eh-item-inner\">\n\t\t<div class=\"mkdf-eh-item-content mkdf-eh-custom-2530\" style=\"padding: 0px 90px 8px 80px\">\n\t\t\t<div class=\"mkdf-section-title-holder  mkdf-st-standard mkdf-st-title-left mkdf-st-normal-space \" >\n\t<div class=\"mkdf-st-inner\">\n        \t\t\t\t\t<h2 class=\"mkdf-st-title\" >\n\t\t\t\tNesim Shpk<br \/>\t\t\t<\/h2>\n\t\t\t\t\t\t\t<h5 class=\"mkdf-st-text\" style=\"color: #565969;font-size: 18px;line-height: 26px;font-weight: 400;margin-top: 21px\">\n\t\t\t\tNesim shpk, prej vitit 2001 operon n\u00eb fush\u00ebn e nd\u00ebrtimeve, n\u00eb perpunimin dhe montimin e produkteve t\u00eb ALUMINIT dhe t\u00eb PVC-se. Aktiviteti shtrihet n\u00eb t\u00eb gjith\u00eb Shqiperin\u00eb, si rezultat i nj\u00eb bashk\u00ebpunimi t\u00eb frytsh\u00ebm t\u00eb stafit drejtues dhe stafit teknik t\u00eb p\u00ebrb\u00ebr\u00eb nga arkitekt\u00eb dhe inxhinier\u00eb t\u00eb departamentit t\u00eb prodhimit dhe montimit. Nivelet e larta estetike dhe teknike jan\u00eb n\u00eb baz\u00eb t\u00eb k\u00ebrkesave t\u00eb koh\u00ebs t\u00eb certifikuara sipas standartit m\u00eb prestigjoz t\u00eb cil\u00ebsis\u00eb dhe menaxhimit ambjental : ISO 9001:2008, duke i siguruar klientit cmim dhe cil\u00ebsi maksimale.\nArritjet bashkohore teknologjike ne fushen e Rifiniturave te Jashtme aplikohen edhe nga Arkiteketet tane ne bashkepunim me Inxhinieret, te cilet jane te specializuar ne keto lloje fushash. Me kete baze ne realizojme nje game te gjere prodhimi me Alumin, Panel Kompoziti dhe Xhama, duke siguruar izolim te mire termik dhe akustik sipas normave te kerkuara. Gjithashtu i kushtohet nje kujdes maksimal anes estetike. K\u00ebto vite n\u00eb treg kan\u00eb provuar garancin\u00eb dhe cil\u00ebsin\u00eb e produkteve dhe sh\u00ebrbimeve q\u00eb ofron kompania si dhe p\u00ebrkushtimin maksimal ndaj klientit.\t\t\t<\/h5>\n\t\t\t<\/div>\n<\/div>[vc_empty_space]\t\t<\/div>\n\t<\/div>\n<\/div><div class=\"mkdf-eh-item    \"  data-item-class=\"mkdf-eh-custom-1169\" data-1367-1600=\"0px 10px 0 0px\" data-1025-1366=\"0px 0px 0 0px\" data-769-1024=\"0px 0px 0 0px\" data-681-768=\"0px 0px 0 0px\" data-680=\"0px 0px 0 0px\">\n\t<div class=\"mkdf-eh-item-inner\">\n\t\t<div class=\"mkdf-eh-item-content mkdf-eh-custom-1169\" style=\"padding: 0 0 0 0\">\n\t\t\t<div class=\"mkdf-single-image-holder   \">\n    <div class=\"mkdf-si-inner\" >\n                                    <img width=\"882\" height=\"496\" src=\"https:\/\/nesimalbania.com\/2023\/wp-content\/uploads\/2023\/10\/plaza-hotel-2.tmb-864x468-1.jpg\" class=\"attachment-full size-full\" alt=\"\" decoding=\"async\" loading=\"lazy\" srcset=\"https:\/\/nesimalbania.com\/2023\/wp-content\/uploads\/2023\/10\/plaza-hotel-2.tmb-864x468-1.jpg 882w, https:\/\/nesimalbania.com\/2023\/wp-content\/uploads\/2023\/10\/plaza-hotel-2.tmb-864x468-1-300x169.jpg 300w, https:\/\/nesimalbania.com\/2023\/wp-content\/uploads\/2023\/10\/plaza-hotel-2.tmb-864x468-1-768x432.jpg 768w\" sizes=\"(max-width: 882px) 100vw, 882px\" \/>                        <\/div>\n<\/div>\t\t<\/div>\n\t<\/div>\n<\/div><\/div>[\/vc_column][\/vc_row][vc_row row_btt_skin=&#8221;light&#8221; row_background_text_position=&#8221;front&#8221; row_skin=&#8221;dark&#8221; row_background_text_1=&#8221;Vlerat tona&#8221;][vc_column]<div class=\"mkdf-elements-holder   mkdf-one-column  mkdf-responsive-mode-768 \" ><div class=\"mkdf-eh-item    \"  data-item-class=\"mkdf-eh-custom-7154\" data-1367-1600=\"141px 0 0 59px\" data-1025-1366=\"141px 0 0 122px\" data-769-1024=\"96px 0 0 124px\" data-681-768=\"96px 0 0 80px\" data-680=\"98px 0 0 35px\">\n\t<div class=\"mkdf-eh-item-inner\">\n\t\t<div class=\"mkdf-eh-item-content mkdf-eh-custom-7154\" style=\"padding: 141px 0 0 297px\">\n\t\t\t[vc_column_text]<\/p>\n<h1>Vlerat tona<\/h1>\n<p>[\/vc_column_text]\t\t<\/div>\n\t<\/div>\n<\/div><\/div>[\/vc_column][\/vc_row][vc_row row_content_width=&#8221;grid&#8221; row_btt_skin=&#8221;dark&#8221; row_background_text_position=&#8221;front&#8221; row_skin=&#8221;dark&#8221; css=&#8221;.vc_custom_1697533107567{padding-top: 95px !important;padding-bottom: 121px !important;}&#8221;][vc_column]<div class=\"mkdf-elements-holder   mkdf-three-columns  mkdf-responsive-mode-1024 \" ><div class=\"mkdf-eh-item    \"  data-item-class=\"mkdf-eh-custom-2957\" data-1025-1366=\"0 10px 0 0\" data-769-1024=\"0px 364px 0px 0\" data-681-768=\"0px 220px 0px 0\" data-680=\"0px 15px 0px 0\">\n\t<div class=\"mkdf-eh-item-inner\">\n\t\t<div class=\"mkdf-eh-item-content mkdf-eh-custom-2957\" style=\"padding: 0 44px 0 0\">\n\t\t\t<div class=\"mkdf-iwt clearfix  mkdf-iwt-icon-left  mkdf-iwt-icon-medium\" data-title-color=\"#001659\" data-title-hover-color=\"#001659\">\n\t<div class=\"mkdf-iwt-icon\">\n\t\t\t\t\t\t\t\t\t    <span class=\"mkdf-icon-animation-holder\" >\n    <span class=\"mkdf-icon-shortcode mkdf-normal  mkdf-icon-animation mkdf-icon-medium\"  data-hover-color=\"#001659\" data-color=\"#001659\">\n                    <i class=\"mkdf-icon-dripicons dripicon dripicons-star mkdf-icon-element\" style=\"color: #001659\" ><\/i>            <\/span>\n    <\/span>\n\t\t\t\t\t\t<\/div>\n\t<div class=\"mkdf-iwt-content\" >\n        \t\t\t\t\t<h4 class=\"mkdf-iwt-title\" style=\"color: #001659;margin-top: 25px\">\n\t\t\t\t\t\t\t\t<span class=\"mkdf-iwt-title-text\">Q\u00cbNDRUESHM\u00cbRIA<\/span>\n\t\t\t\t\t\t\t<\/h4>\n\t\t\t\t\t\t\t<p class=\"mkdf-iwt-text\" style=\"color: #001659\">Ne garantojm\u00eb suksesin afatgjat\u00eb t\u00eb kompanis\u00eb duke ruajtur burimet natyrore nga t\u00eb cilat varen gjeneratat.<\/p>\n\t\t\t<\/div>\n<\/div>\t\t<\/div>\n\t<\/div>\n<\/div><div class=\"mkdf-eh-item    \"  data-item-class=\"mkdf-eh-custom-9508\" data-1025-1366=\"0 10px 0 0\" data-769-1024=\"39px 364px 39px 0\" data-681-768=\"39px 220px 39px 0\" data-680=\"39px 15px 39px 0\">\n\t<div class=\"mkdf-eh-item-inner\">\n\t\t<div class=\"mkdf-eh-item-content mkdf-eh-custom-9508\" style=\"padding: 0 44px 0 0\">\n\t\t\t<div class=\"mkdf-iwt clearfix  mkdf-iwt-icon-left  mkdf-iwt-icon-medium\" data-title-color=\"#001659\" data-title-hover-color=\"#001659\">\n\t<div class=\"mkdf-iwt-icon\">\n\t\t\t\t\t\t\t\t\t    <span class=\"mkdf-icon-animation-holder\" >\n    <span class=\"mkdf-icon-shortcode mkdf-normal  mkdf-icon-animation mkdf-icon-medium\"  data-hover-color=\"#001659\" data-color=\"#001659\">\n                    <i class=\"mkdf-icon-dripicons dripicon dripicons-checkmark mkdf-icon-element\" style=\"color: #001659\" ><\/i>            <\/span>\n    <\/span>\n\t\t\t\t\t\t<\/div>\n\t<div class=\"mkdf-iwt-content\" >\n        \t\t\t\t\t<h4 class=\"mkdf-iwt-title\" style=\"color: #001659;margin-top: 25px\">\n\t\t\t\t\t\t\t\t<span class=\"mkdf-iwt-title-text\">INOVACION<\/span>\n\t\t\t\t\t\t\t<\/h4>\n\t\t\t\t\t\t\t<p class=\"mkdf-iwt-text\" style=\"color: #001659\">Ne synojm\u00eb drejt inovacionit t\u00eb vazhduesh\u00ebm teknologjik t\u00eb produkteve dhe metodave t\u00eb pun\u00ebs.<\/p>\n\t\t\t<\/div>\n<\/div>\t\t<\/div>\n\t<\/div>\n<\/div><div class=\"mkdf-eh-item    \"  data-item-class=\"mkdf-eh-custom-6414\" data-1025-1366=\"0 10px 0 0\" data-769-1024=\"0px 364px 0px 0\" data-681-768=\"0px 220px 0px 0\" data-680=\"0px 15px 0px 0\">\n\t<div class=\"mkdf-eh-item-inner\">\n\t\t<div class=\"mkdf-eh-item-content mkdf-eh-custom-6414\" style=\"padding: 0 44px 0 0\">\n\t\t\t<div class=\"mkdf-iwt clearfix  mkdf-iwt-icon-left  mkdf-iwt-icon-medium\" data-title-color=\"#001659\" data-title-hover-color=\"#001659\">\n\t<div class=\"mkdf-iwt-icon\">\n\t\t\t\t\t\t\t\t\t    <span class=\"mkdf-icon-animation-holder\" >\n    <span class=\"mkdf-icon-shortcode mkdf-normal  mkdf-icon-animation mkdf-icon-medium\"  data-hover-color=\"#001659\" data-color=\"#001659\">\n                    <i class=\"mkdf-icon-dripicons dripicon dripicons-user mkdf-icon-element\" style=\"color: #001659\" ><\/i>            <\/span>\n    <\/span>\n\t\t\t\t\t\t<\/div>\n\t<div class=\"mkdf-iwt-content\" >\n        \t\t\t\t\t<h4 class=\"mkdf-iwt-title\" style=\"color: #001659;margin-top: 25px\">\n\t\t\t\t\t\t\t\t<span class=\"mkdf-iwt-title-text\">TRANSPARENCA<\/span>\n\t\t\t\t\t\t\t<\/h4>\n\t\t\t\t\t\t\t<p class=\"mkdf-iwt-text\" style=\"color: #001659\">Besimi \u00ebsht\u00eb baza p\u00ebr gjith\u00e7ka q\u00eb ne b\u00ebjm\u00eb dhe kushti paraprak p\u00ebr suksesin ton\u00eb.<\/p>\n\t\t\t<\/div>\n<\/div>\t\t<\/div>\n\t<\/div>\n<\/div><\/div>[\/vc_column][\/vc_row][vc_row row_btt_skin=&#8221;light&#8221; row_background_text_position=&#8221;front&#8221; row_skin=&#8221;dark&#8221; row_background_text_1=&#8221;Partneret tane&#8221;][vc_column]<div class=\"mkdf-elements-holder   mkdf-one-column  mkdf-responsive-mode-768 \" ><div class=\"mkdf-eh-item    \"  data-item-class=\"mkdf-eh-custom-8663\" data-1367-1600=\"141px 0 0 59px\" data-1025-1366=\"141px 0 0 122px\" data-769-1024=\"96px 0 0 124px\" data-681-768=\"96px 0 0 80px\" data-680=\"98px 0 0 35px\">\n\t<div class=\"mkdf-eh-item-inner\">\n\t\t<div class=\"mkdf-eh-item-content mkdf-eh-custom-8663\" style=\"padding: 141px 0 0 297px\">\n\t\t\t[vc_column_text]<\/p>\n<h1>Partneret tan\u00eb<\/h1>\n<p>[\/vc_column_text]\t\t<\/div>\n\t<\/div>\n<\/div><\/div>[\/vc_column][\/vc_row][vc_row row_content_width=&#8221;grid&#8221; row_btt_skin=&#8221;light&#8221; disable_background_image=&#8221;&#8221; row_background_text_position=&#8221;front&#8221; row_skin=&#8221;dark&#8221; simple_background_image=&#8221;5246&#8243; css=&#8221;.vc_custom_1697533471685{padding-top: 122px !important;padding-bottom: 129px !important;}&#8221;][vc_column]<div class=\"mkdf-clients-grid-holder mkdf-grid-list mkdf-disable-bottom-space mkdf-three-columns mkdf-medium-space  mkdf-cc-hover-roll-over\">\n\t<div class=\"mkdf-cg-inner mkdf-outer-space\">\n\t\t<div class=\"mkdf-cc-item mkdf-item-space mkdf-cci-has-link\">\n\t\t\t<a itemprop=\"url\" class=\"mkdf-cc-link mkdf-block-drag-link\" href=\"https:\/\/www.aluplast.net\/in-eng\/\" target=\"_self\">\n\t\t\t\t\t\t<img itemprop=\"image\" class=\"mkdf-cc-image\" src=\"https:\/\/nesimalbania.com\/2023\/wp-content\/uploads\/2023\/10\/alupal.png\" alt=\"\" \/>\n\t\t\t\t\t\t\t<img itemprop=\"image\" class=\"mkdf-cc-hover-image\" src=\"https:\/\/nesimalbania.com\/2023\/wp-content\/uploads\/2023\/10\/alupal.png\" alt=\"\" \/>\n\t\t\t\t\t<\/a>\n\t<\/div><div class=\"mkdf-cc-item mkdf-item-space mkdf-cci-has-link\">\n\t\t\t<a itemprop=\"url\" class=\"mkdf-cc-link mkdf-block-drag-link\" href=\"https:\/\/www.alumil.com\/international\/homeowners\" target=\"_self\">\n\t\t\t\t\t\t<img itemprop=\"image\" class=\"mkdf-cc-image\" src=\"https:\/\/nesimalbania.com\/2023\/wp-content\/uploads\/2023\/10\/alumil.png\" alt=\"\" \/>\n\t\t\t\t\t\t\t<img itemprop=\"image\" class=\"mkdf-cc-hover-image\" src=\"https:\/\/nesimalbania.com\/2023\/wp-content\/uploads\/2023\/10\/alumil.png\" alt=\"\" \/>\n\t\t\t\t\t<\/a>\n\t<\/div><div class=\"mkdf-cc-item mkdf-item-space mkdf-cci-has-link\">\n\t\t\t<a itemprop=\"url\" class=\"mkdf-cc-link mkdf-block-drag-link\" href=\"https:\/\/www.hilti.com\/\" target=\"_self\">\n\t\t\t\t\t\t<img itemprop=\"image\" class=\"mkdf-cc-image\" src=\"https:\/\/nesimalbania.com\/2023\/wp-content\/uploads\/2023\/10\/hilti-1.png\" alt=\"\" \/>\n\t\t\t\t\t\t\t<img itemprop=\"image\" class=\"mkdf-cc-hover-image\" src=\"https:\/\/nesimalbania.com\/2023\/wp-content\/uploads\/2023\/10\/hilti-1.png\" alt=\"\" \/>\n\t\t\t\t\t<\/a>\n\t<\/div><div class=\"mkdf-cc-item mkdf-item-space mkdf-cci-has-link\">\n\t\t\t<a itemprop=\"url\" class=\"mkdf-cc-link mkdf-block-drag-link\" href=\"https:\/\/www.geze.com\/en\/\" target=\"_self\">\n\t\t\t\t\t\t<img itemprop=\"image\" class=\"mkdf-cc-image\" src=\"https:\/\/nesimalbania.com\/2023\/wp-content\/uploads\/2023\/10\/geze.png\" alt=\"\" \/>\n\t\t\t\t\t\t\t<img itemprop=\"image\" class=\"mkdf-cc-hover-image\" src=\"https:\/\/nesimalbania.com\/2023\/wp-content\/uploads\/2023\/10\/geze.png\" alt=\"\" \/>\n\t\t\t\t\t<\/a>\n\t<\/div><div class=\"mkdf-cc-item mkdf-item-space mkdf-cci-has-link\">\n\t\t\t<a itemprop=\"url\" class=\"mkdf-cc-link mkdf-block-drag-link\" href=\"https:\/\/kristal.eu\/\" target=\"_self\">\n\t\t\t\t\t\t<img itemprop=\"image\" class=\"mkdf-cc-image\" src=\"https:\/\/nesimalbania.com\/2023\/wp-content\/uploads\/2023\/10\/Kristal-1-2.png\" alt=\"\" \/>\n\t\t\t\t\t\t\t<img itemprop=\"image\" class=\"mkdf-cc-hover-image\" src=\"https:\/\/nesimalbania.com\/2023\/wp-content\/uploads\/2023\/10\/Kristal-1-2.png\" alt=\"\" \/>\n\t\t\t\t\t<\/a>\n\t<\/div><div class=\"mkdf-cc-item mkdf-item-space mkdf-cci-has-link\">\n\t\t\t<a itemprop=\"url\" class=\"mkdf-cc-link mkdf-block-drag-link\" href=\"https:\/\/www.elumatec.com\/en\/home\" target=\"_self\">\n\t\t\t\t\t\t<img itemprop=\"image\" class=\"mkdf-cc-image\" src=\"https:\/\/nesimalbania.com\/2023\/wp-content\/uploads\/2023\/10\/elumatec-logo-orange-1.png\" alt=\"\" \/>\n\t\t\t\t\t\t\t<img itemprop=\"image\" class=\"mkdf-cc-hover-image\" src=\"https:\/\/nesimalbania.com\/2023\/wp-content\/uploads\/2023\/10\/elumatec-logo-orange-1.png\" alt=\"\" \/>\n\t\t\t\t\t<\/a>\n\t<\/div>\t<\/div>\n<\/div>[\/vc_column][\/vc_row]<\/p>\n<\/section>","protected":false},"excerpt":{"rendered":"<p>[vc_row row_content_width=&#8221;grid&#8221; row_btt_skin=&#8221;light&#8221; enable_bg_pattern=&#8221;yes&#8221; row_background_text_position=&#8221;front&#8221; row_skin=&#8221;dark&#8221; css=&#8221;.vc_custom_1556099311357{padding-top: 40px !important;padding-bottom: 50px !important;}&#8221;][vc_column offset=&#8221;vc_col-lg-offset-0 vc_col-lg-12 vc_col-md-offset-0 vc_col-md-12 vc_col-sm-offset-0&#8243; css=&#8221;.vc_custom_1697530989156{margin-top: 100px !important;}&#8221;][\/vc_column][\/vc_row][vc_row row_btt_skin=&#8221;light&#8221; row_background_text_position=&#8221;front&#8221; row_skin=&#8221;dark&#8221; row_background_text_1=&#8221;Vlerat tona&#8221;][vc_column][\/vc_column][\/vc_row][vc_row row_content_width=&#8221;grid&#8221; row_btt_skin=&#8221;dark&#8221; row_background_text_position=&#8221;front&#8221; row_skin=&#8221;dark&#8221; css=&#8221;.vc_custom_1697533107567{padding-top: 95px !important;padding-bottom: 121px !important;}&#8221;][vc_column][\/vc_column][\/vc_row][vc_row row_btt_skin=&#8221;light&#8221; row_background_text_position=&#8221;front&#8221; row_skin=&#8221;dark&#8221; row_background_text_1=&#8221;Partneret tane&#8221;][vc_column][\/vc_column][\/vc_row][vc_row row_content_width=&#8221;grid&#8221; row_btt_skin=&#8221;light&#8221; [&hellip;]<\/p>\n","protected":false},"author":2,"featured_media":0,"parent":0,"menu_order":0,"comment_status":"closed","ping_status":"closed","template":"full-width.php","meta":{"footnotes":""},"_links":{"self":[{"href":"https:\/\/nesimalbania.com\/2023\/wp-json\/wp\/v2\/pages\/1458"}],"collection":[{"href":"https:\/\/nesimalbania.com\/2023\/wp-json\/wp\/v2\/pages"}],"about":[{"href":"https:\/\/nesimalbania.com\/2023\/wp-json\/wp\/v2\/types\/page"}],"author":[{"embeddable":true,"href":"https:\/\/nesimalbania.com\/2023\/wp-json\/wp\/v2\/users\/2"}],"replies":[{"embeddable":true,"href":"https:\/\/nesimalbania.com\/2023\/wp-json\/wp\/v2\/comments?post=1458"}],"version-history":[{"count":24,"href":"https:\/\/nesimalbania.com\/2023\/wp-json\/wp\/v2\/pages\/1458\/revisions"}],"predecessor-version":[{"id":7283,"href":"https:\/\/nesimalbania.com\/2023\/wp-json\/wp\/v2\/pages\/1458\/revisions\/7283"}],"wp:attachment":[{"href":"https:\/\/nesimalbania.com\/2023\/wp-json\/wp\/v2\/media?parent=1458"}],"curies":[{"name":"wp","href":"https:\/\/api.w.org\/{rel}","templated":true}]}}